{"id":33,"date":"2022-07-01T18:25:28","date_gmt":"2022-07-01T18:25:28","guid":{"rendered":"https:\/\/www.maumok.com\/de\/versandarten\/"},"modified":"2022-07-07T19:02:46","modified_gmt":"2022-07-07T17:02:46","slug":"versand","status":"publish","type":"page","link":"https:\/\/www.maumok.com\/de\/versand\/","title":{"rendered":"Versand"},"content":{"rendered":"\n<p class=\"has-text-align-right\"><strong>A \/<\/strong>&nbsp;<mark>\u6587<\/mark>&nbsp;Sprache\/Language &gt; <a href=\"https:\/\/www.maumok.com\/shipping\/\" data-type=\"URL\" data-id=\"https:\/\/www.maumok.com\/shipping\/\">English<\/a><\/p>\n\n\n\n<h1 class=\"wp-block-heading\">ZAHLUNG UND VERSAND<\/h1>\n\n\n\n<p>-Versandbedingungen<\/p>\n\n\n\n<p>Wir versenden nach \u00d6sterreich und Deutschland weiters liefern wir in die Gesamte Europ\u00e4ische union (EU) und die Schweiz bzw. die nachstehenden L\u00e4nder:<\/p>\n\n\n\n<p>Eurozone I:<br><strong>Deutschland, \u00d6sterreich, Belgien, Niederlande,<br>D\u00e4nemark, Luxemburg, Tschechien, Slowakei,<br>Ungarn, Slowenien, Polen, Rum\u00e4nien<\/strong><\/p>\n\n\n\n<p>Eurozone II:<br><strong>Kroatien, Frankreich, Italien, Monaco<\/strong>,<\/p>\n\n\n\n<p>Eurozone III:<br><strong>Finnland, Portugal, Spanien, Schweden,<br>Estland, Lettland, Litauen, Bulgarien<\/strong>,<\/p>\n\n\n\n<p><strong>Schweiz *<\/strong><\/p>\n\n\n\n<p>*Wir liefern wir auch in die\u00a0<strong>Schweiz<\/strong>. Da sich die Schweiz au\u00dferhalb der EU befindet gelten Sonderregelungen au\u00dferdem fallen zus\u00e4tzliche Geb\u00fchren an:<br>Im Post- und Kurierverkehr \u00fcbernimmt das Transportunternehmen die Zollanmeldung. Gest\u00fctzt auf dieser Anmeldung berechnet die zust\u00e4ndige Zollbeh\u00f6rde den Zoll und die Mehrwertsteuer. F\u00fcr die Verzollungsarbeiten verlangen die Transportunternehmen eine Entsch\u00e4digung f\u00fcr ihre Dienstleistung nach Aufwand. Die dem Staat zu entrichtenden Abgaben und die Kosten der Transportunternehmen werden dem Empf\u00e4nger zusammen in Rechnung gestellt. Diese zus\u00e4tzlichen Kosten werden nicht von minoka \u00fcbernommen. Weiters k\u00f6nnen wir in der Schweiz keine R\u00fccksendungen anbieten.<\/p>\n\n\n\n<h2 class=\"wp-block-heading\">Wir bieten&nbsp;<strong>Gratisversand<\/strong>&nbsp;innerhalb von Deutschland und \u00d6sterreich an.<\/h2>\n\n\n\n<p>f\u00fcr die restlichen L\u00e4nder berechnen wir pauschal die Versandkosten (inklusive gesetzliche Mehrwertsteuer) mit 9,90\u20ac.<\/p>\n\n\n\n<p>Auf anfrage oder unter speziellen umst\u00e4nden liefern wir auch in weitere L\u00e4nder.<\/p>\n\n\n\n<h3 class=\"wp-block-heading\">Lieferzeiten<\/h3>\n\n\n\n<p>Sobald eine Zahlung bei uns eingegangen ist versenden wir die Ware immer so schnell wie m\u00f6glich in der regel noch am selben Tag. Soweit im jeweiligen Angebot keine andere Frist angegeben ist, erfolgt die Lieferung der Ware im Inland (\u00d6sterreich) innerhalb von 1-3 Tagen. Beim Versand nach Deutschland innerhalb innerhalb von 2-4 Tagen nach Vertragsschluss (bei vereinbarter Vorauszahlung nach dem Zeitpunkt Ihrer Zahlungsanweisung). Bei Auslandslieferungen innerhalb von 2-6 Tagen nach Vertragsschluss (bei vereinbarter Vorauszahlung nach dem Zeitpunkt Ihrer Zahlungsanweisung).<br>Beachten Sie, dass an Sonn- und Feiertagen keine Zustellung erfolgt.<br>Haben Sie Artikel mit unterschiedlichen Lieferzeiten bestellt, versenden wir die Ware in einer gemeinsamen Sendung, sofern wir keine abweichenden Vereinbarungen mit Ihnen getroffen haben. Die Lieferzeit bestimmt sich in diesem Fall nach dem Artikel mit der l\u00e4ngsten Lieferzeit den Sie bestellt haben.<\/p>\n\n\n\n<p>Akzeptierte Zahlungsm\u00f6glichkeiten:<\/p>\n\n\n\n<p>\u2013 Vorkasse per \u00dcberweisung<br>\u2013 Zahlung per PayPal<br>\u2013 Zahlung per PayPal Express<br>\u2013 Zahlung \u00fcber Stripe ( Kreditkarte, Sofort, Giropay, Apple Pay)<br>\u2013&nbsp;Zahlung per Sofort\u00fcberweisung&nbsp;(\u00fcber Klarna)<\/p>\n\n\n\n<p><br>Bei Fragen finden Sie unsere Kontaktdaten im&nbsp;<a href=\"https:\/\/www.maumok.com\/de\/impressum\/\">Impressum<\/a>.<\/p>\n\n\n\n<p class=\"has-text-align-right\"><strong>A \/<\/strong>&nbsp;<mark>\u6587<\/mark>&nbsp;Sprache\/Language &gt; <a href=\"https:\/\/www.maumok.com\/shipping\/\" data-type=\"URL\" data-id=\"https:\/\/www.maumok.com\/shipping\/\">English<\/a><\/p>\n","protected":false},"excerpt":{"rendered":"<p>A \/&nbsp;\u6587&nbsp;Sprache\/Language &gt; English ZAHLUNG UND VERSAND -Versandbedingungen Wir versenden nach \u00d6sterreich und Deutschland weiters liefern wir in die Gesamte Europ\u00e4ische union (EU) und die Schweiz bzw. die nachstehenden L\u00e4nder: Eurozone I:Deutschland, \u00d6sterreich, Belgien, Niederlande,D\u00e4nemark, Luxemburg, Tschechien, Slowakei,Ungarn, Slowenien, Polen, Rum\u00e4nien Eurozone II:Kroatien, Frankreich, Italien, Monaco, Eurozone III:Finnland, Portugal, Spanien, Schweden,Estland, Lettland, Litauen, Bulgarien, Schweiz [&hellip;]<\/p>\n","protected":false},"author":1,"featured_media":0,"parent":0,"menu_order":0,"comment_status":"closed","ping_status":"closed","template":"","meta":{"_uag_custom_page_level_css":"","site-sidebar-layout":"default","site-content-layout":"","ast-site-content-layout":"default","site-content-style":"default","site-sidebar-style":"default","ast-global-header-display":"","ast-banner-title-visibility":"","ast-main-header-display":"","ast-hfb-above-header-display":"","ast-hfb-below-header-display":"","ast-hfb-mobile-header-display":"","site-post-title":"disabled","ast-breadcrumbs-content":"","ast-featured-img":"","footer-sml-layout":"","ast-disable-related-posts":"","theme-transparent-header-meta":"","adv-header-id-meta":"","stick-header-meta":"","header-above-stick-meta":"","header-main-stick-meta":"","header-below-stick-meta":"","astra-migrate-meta-layouts":"default","ast-page-background-enabled":"default","ast-page-background-meta":{"desktop":{"background-color":"var(--ast-global-color-4)","background-image":"","background-repeat":"repeat","background-position":"center center","background-size":"auto","background-attachment":"scroll","background-type":"","background-media":"","overlay-type":"","overlay-color":"","overlay-opacity":"","overlay-gradient":""},"tablet":{"background-color":"","background-image":"","background-repeat":"repeat","background-position":"center center","background-size":"auto","background-attachment":"scroll","background-type":"","background-media":"","overlay-type":"","overlay-color":"","overlay-opacity":"","overlay-gradient":""},"mobile":{"background-color":"","background-image":"","background-repeat":"repeat","background-position":"center center","background-size":"auto","background-attachment":"scroll","background-type":"","background-media":"","overlay-type":"","overlay-color":"","overlay-opacity":"","overlay-gradient":""}},"ast-content-background-meta":{"desktop":{"background-color":"var(--ast-global-color-5)","background-image":"","background-repeat":"repeat","background-position":"center center","background-size":"auto","background-attachment":"scroll","background-type":"","background-media":"","overlay-type":"","overlay-color":"","overlay-opacity":"","overlay-gradient":""},"tablet":{"background-color":"var(--ast-global-color-5)","background-image":"","background-repeat":"repeat","background-position":"center center","background-size":"auto","background-attachment":"scroll","background-type":"","background-media":"","overlay-type":"","overlay-color":"","overlay-opacity":"","overlay-gradient":""},"mobile":{"background-color":"var(--ast-global-color-5)","background-image":"","background-repeat":"repeat","background-position":"center center","background-size":"auto","background-attachment":"scroll","background-type":"","background-media":"","overlay-type":"","overlay-color":"","overlay-opacity":"","overlay-gradient":""}},"footnotes":""},"class_list":["post-33","page","type-page","status-publish","hentry"],"uagb_featured_image_src":{"full":false,"thumbnail":false,"medium":false,"medium_large":false,"large":false,"1536x1536":false,"2048x2048":false,"woocommerce_thumbnail":false,"woocommerce_single":false,"woocommerce_gallery_thumbnail":false},"uagb_author_info":{"display_name":"admin","author_link":"https:\/\/www.maumok.com\/de\/author\/admin\/"},"uagb_comment_info":0,"uagb_excerpt":"A \/&nbsp;\u6587&nbsp;Sprache\/Language &gt; English ZAHLUNG UND VERSAND -Versandbedingungen Wir versenden nach \u00d6sterreich und Deutschland weiters liefern wir in die Gesamte Europ\u00e4ische union (EU) und die Schweiz bzw. die nachstehenden L\u00e4nder: Eurozone I:Deutschland, \u00d6sterreich, Belgien, Niederlande,D\u00e4nemark, Luxemburg, Tschechien, Slowakei,Ungarn, Slowenien, Polen, Rum\u00e4nien Eurozone II:Kroatien, Frankreich, Italien, Monaco, Eurozone III:Finnland, Portugal, Spanien, Schweden,Estland, Lettland, Litauen, Bulgarien, Schweiz&hellip;","_links":{"self":[{"href":"https:\/\/www.maumok.com\/de\/wp-json\/wp\/v2\/pages\/33","targetHints":{"allow":["GET"]}}],"collection":[{"href":"https:\/\/www.maumok.com\/de\/wp-json\/wp\/v2\/pages"}],"about":[{"href":"https:\/\/www.maumok.com\/de\/wp-json\/wp\/v2\/types\/page"}],"author":[{"embeddable":true,"href":"https:\/\/www.maumok.com\/de\/wp-json\/wp\/v2\/users\/1"}],"replies":[{"embeddable":true,"href":"https:\/\/www.maumok.com\/de\/wp-json\/wp\/v2\/comments?post=33"}],"version-history":[{"count":0,"href":"https:\/\/www.maumok.com\/de\/wp-json\/wp\/v2\/pages\/33\/revisions"}],"wp:attachment":[{"href":"https:\/\/www.maumok.com\/de\/wp-json\/wp\/v2\/media?parent=33"}],"curies":[{"name":"wp","href":"https:\/\/api.w.org\/{rel}","templated":true}]}}